{"id":354,"date":"2026-02-11T17:57:14","date_gmt":"2026-02-11T08:57:14","guid":{"rendered":"https:\/\/candy-rose.com\/?page_id=354"},"modified":"2026-02-17T17:19:30","modified_gmt":"2026-02-17T08:19:30","slug":"commercialtravel","status":"publish","type":"page","link":"https:\/\/candy-rose.com\/fr_fr\/commercialtravel\/","title":{"rendered":"Commercial&amp;Voyage"},"content":{"rendered":"<h2>Une vision fa\u00e7onn\u00e9e par un objectif.<\/h2>\nngg_shortcode_0_placeholder\n<p>Une vision fa\u00e7onn\u00e9e par l'objectif<\/p>\n<p>Ces images sont guid\u00e9es par l'intention.<\/p>\n<p>Qu'il s'agisse de documenter un lieu, une marque ou une atmosph\u00e8re culturelle, le travail ne s\u00e9pare pas l'esth\u00e9tique de la fonction.<br \/>\nLa clart\u00e9 visuelle est au service de la communication.<\/p>\n<p>La photographie de voyage, dans ce contexte, ne se limite pas aux paysages.<br \/>\nIl s'agit de la pr\u00e9sence dans un paysage - la relation entre les personnes, l'architecture, la lumi\u00e8re et la m\u00e9moire.<\/p>\n<p>Les commandes commerciales sont abord\u00e9es avec la m\u00eame rigueur que les projets artistiques :<br \/>\nLa composition est d\u00e9lib\u00e9r\u00e9e, la lumi\u00e8re est structurelle et la coh\u00e9rence narrative reste centrale.<\/p>\n<p>L'objectif fa\u00e7onne le cadre.<br \/>\nLa vision lui donne une continuit\u00e9.<\/p>\n<p>- Organis\u00e9 par Mariko<\/p>\n<p>S\u00e9ances priv\u00e9es \u00e0 Paris<br \/>\nPour toute demande de renseignements concernant les portraits ou les s\u00e9ances artistiques, veuillez consulter la page de contact de CandyRose.<\/p>\n<h5><a href=\"https:\/\/candy-rose.com\/fr_fr\/about\/\">\u2192 Page de contact de CandyRose<\/a><\/h5>","protected":false},"excerpt":{"rendered":"<p>A vision shaped by purpose. A Vision Shaped by Purpose These images are guided by intention. Whether documenting a place, a brand, or a cultural atmosphere, the work does not separate aesthetics from function. Visual clarity serves communication. Travel photography, in this context, is not simply about scenery. It is about presence within a landscape [&hellip;]<\/p>\n","protected":false},"author":1,"featured_media":0,"parent":0,"menu_order":0,"comment_status":"closed","ping_status":"closed","template":"","meta":{"ngg_post_thumbnail":0,"footnotes":""},"class_list":["post-354","page","type-page","status-publish","hentry"],"jetpack_sharing_enabled":true,"_links":{"self":[{"href":"https:\/\/candy-rose.com\/fr_fr\/wp-json\/wp\/v2\/pages\/354","targetHints":{"allow":["GET"]}}],"collection":[{"href":"https:\/\/candy-rose.com\/fr_fr\/wp-json\/wp\/v2\/pages"}],"about":[{"href":"https:\/\/candy-rose.com\/fr_fr\/wp-json\/wp\/v2\/types\/page"}],"author":[{"embeddable":true,"href":"https:\/\/candy-rose.com\/fr_fr\/wp-json\/wp\/v2\/users\/1"}],"replies":[{"embeddable":true,"href":"https:\/\/candy-rose.com\/fr_fr\/wp-json\/wp\/v2\/comments?post=354"}],"version-history":[{"count":5,"href":"https:\/\/candy-rose.com\/fr_fr\/wp-json\/wp\/v2\/pages\/354\/revisions"}],"predecessor-version":[{"id":783,"href":"https:\/\/candy-rose.com\/fr_fr\/wp-json\/wp\/v2\/pages\/354\/revisions\/783"}],"wp:attachment":[{"href":"https:\/\/candy-rose.com\/fr_fr\/wp-json\/wp\/v2\/media?parent=354"}],"curies":[{"name":"wp","href":"https:\/\/api.w.org\/{rel}","templated":true}]}}