{"id":350,"date":"2026-02-11T17:55:20","date_gmt":"2026-02-11T08:55:20","guid":{"rendered":"https:\/\/candy-rose.com\/?page_id=350"},"modified":"2026-02-17T17:19:42","modified_gmt":"2026-02-17T08:19:42","slug":"diogenes","status":"publish","type":"page","link":"https:\/\/candy-rose.com\/fr_fr\/diogenes\/","title":{"rendered":"Diog\u00e8ne"},"content":{"rendered":"<h2>Fragile Interiors<\/h2>\nngg_shortcode_0_placeholder\n<p>Fragile Interiors<\/p>\n<p>Ces int\u00e9rieurs sont d'une intensit\u00e9 qui frise l'\u00e9touffement.<\/p>\n<p>Le temps s'est accumul\u00e9 ici, non pas de mani\u00e8re ordonn\u00e9e, mais par couches d'interruption, d'abandon et de persistance.<\/p>\n<p>Les histoires personnelles restent comprim\u00e9es entre les murs qui d\u00e9finissaient autrefois un abri.<br \/>\n\u00c0 l'ext\u00e9rieur, la soci\u00e9t\u00e9 avance \u00e0 toute vitesse.<\/p>\n<p>Que signifie vivre une vie dans une telle tension ?<br \/>\nLe sens est-il quelque chose de construit, ou quelque chose d'impos\u00e9 de l'ext\u00e9rieur ?<\/p>\n<p>Ces images n'apportent pas de r\u00e9ponses.<br \/>\nIls r\u00e9v\u00e8lent le seuil fragile o\u00f9 l'existence r\u00e9siste \u00e0 la simplification.<\/p>\n<p>- Organis\u00e9 par Mariko<\/p>\n<p>S\u00e9ances priv\u00e9es \u00e0 Paris<br \/>\nPour toute demande de renseignements concernant les portraits ou les s\u00e9ances artistiques, veuillez consulter la page de contact de CandyRose.<\/p>\n<h5><a href=\"https:\/\/candy-rose.com\/fr_fr\/about\/\">\u2192 Page de contact de CandyRose<\/a><\/h5>","protected":false},"excerpt":{"rendered":"<p>Fragile Interiors Fragile Interiors These interiors hold an intensity that borders on suffocation. Time has accumulated here \u2014 not neatly, but in layers of interruption, abandonment, and persistence. Personal histories remain compressed within walls that once defined shelter. Outside, society moves forward with restless velocity. What does it mean to live a life within such [&hellip;]<\/p>\n","protected":false},"author":1,"featured_media":0,"parent":0,"menu_order":0,"comment_status":"closed","ping_status":"closed","template":"","meta":{"ngg_post_thumbnail":0,"footnotes":""},"class_list":["post-350","page","type-page","status-publish","hentry"],"jetpack_sharing_enabled":true,"_links":{"self":[{"href":"https:\/\/candy-rose.com\/fr_fr\/wp-json\/wp\/v2\/pages\/350","targetHints":{"allow":["GET"]}}],"collection":[{"href":"https:\/\/candy-rose.com\/fr_fr\/wp-json\/wp\/v2\/pages"}],"about":[{"href":"https:\/\/candy-rose.com\/fr_fr\/wp-json\/wp\/v2\/types\/page"}],"author":[{"embeddable":true,"href":"https:\/\/candy-rose.com\/fr_fr\/wp-json\/wp\/v2\/users\/1"}],"replies":[{"embeddable":true,"href":"https:\/\/candy-rose.com\/fr_fr\/wp-json\/wp\/v2\/comments?post=350"}],"version-history":[{"count":9,"href":"https:\/\/candy-rose.com\/fr_fr\/wp-json\/wp\/v2\/pages\/350\/revisions"}],"predecessor-version":[{"id":784,"href":"https:\/\/candy-rose.com\/fr_fr\/wp-json\/wp\/v2\/pages\/350\/revisions\/784"}],"wp:attachment":[{"href":"https:\/\/candy-rose.com\/fr_fr\/wp-json\/wp\/v2\/media?parent=350"}],"curies":[{"name":"wp","href":"https:\/\/api.w.org\/{rel}","templated":true}]}}