{"id":348,"date":"2026-02-11T17:54:29","date_gmt":"2026-02-11T08:54:29","guid":{"rendered":"https:\/\/candy-rose.com\/?page_id=348"},"modified":"2026-02-17T17:20:10","modified_gmt":"2026-02-17T08:20:10","slug":"floral","status":"publish","type":"page","link":"https:\/\/candy-rose.com\/fr_fr\/floral\/","title":{"rendered":"\u00c9tudes florales"},"content":{"rendered":"<h2>La lumi\u00e8re dans l'\u00e9ph\u00e9m\u00e8re.<\/h2>\nngg_shortcode_0_placeholder\n<p>La lumi\u00e8re dans l'\u00e9ph\u00e9m\u00e8re<\/p>\n<p>Ces images ne c\u00e9l\u00e8brent pas la perfection.<\/p>\n<p>Ils observent la transition.<\/p>\n<p>Les p\u00e9tales s'estompent, les bords s'adoucissent, la couleur se retire.<br \/>\nIci, la beaut\u00e9 n'est pas fig\u00e9e, elle est en train de devenir m\u00e9moire.<\/p>\n<p>La lumi\u00e8re repose d\u00e9licatement sur des surfaces qui changent d\u00e9j\u00e0.<br \/>\nCe qui semble fragile est dot\u00e9 d'une r\u00e9silience tranquille.<\/p>\n<p>Dans cette s\u00e9rie, la fleur n'est pas un symbole de romance.<br \/>\nIl s'agit d'une \u00e9tude sur l'impermanence - et la subtile dignit\u00e9 qu'elle rec\u00e8le.<\/p>\n<p>- Organis\u00e9 par Mariko<\/p>\n<p>S\u00e9ances priv\u00e9es \u00e0 Paris<br \/>\nPour toute demande de renseignements concernant les portraits ou les s\u00e9ances artistiques, veuillez consulter la page de contact de CandyRose.<\/p>\n<h5><a href=\"https:\/\/candy-rose.com\/fr_fr\/about\/\">\u2192 Page de contact de CandyRose<\/a><\/h5>","protected":false},"excerpt":{"rendered":"<p>Light within the ephemeral. Light Within the Ephemeral These images do not celebrate perfection. They observe transition. Petals fade, edges soften, color withdraws. Beauty here is not fixed \u2014 it is in the process of becoming memory. Light rests gently on surfaces that are already changing. What appears fragile carries quiet resilience. In this series, [&hellip;]<\/p>\n","protected":false},"author":1,"featured_media":0,"parent":0,"menu_order":0,"comment_status":"closed","ping_status":"closed","template":"","meta":{"ngg_post_thumbnail":0,"footnotes":""},"class_list":["post-348","page","type-page","status-publish","hentry"],"jetpack_sharing_enabled":true,"_links":{"self":[{"href":"https:\/\/candy-rose.com\/fr_fr\/wp-json\/wp\/v2\/pages\/348","targetHints":{"allow":["GET"]}}],"collection":[{"href":"https:\/\/candy-rose.com\/fr_fr\/wp-json\/wp\/v2\/pages"}],"about":[{"href":"https:\/\/candy-rose.com\/fr_fr\/wp-json\/wp\/v2\/types\/page"}],"author":[{"embeddable":true,"href":"https:\/\/candy-rose.com\/fr_fr\/wp-json\/wp\/v2\/users\/1"}],"replies":[{"embeddable":true,"href":"https:\/\/candy-rose.com\/fr_fr\/wp-json\/wp\/v2\/comments?post=348"}],"version-history":[{"count":5,"href":"https:\/\/candy-rose.com\/fr_fr\/wp-json\/wp\/v2\/pages\/348\/revisions"}],"predecessor-version":[{"id":786,"href":"https:\/\/candy-rose.com\/fr_fr\/wp-json\/wp\/v2\/pages\/348\/revisions\/786"}],"wp:attachment":[{"href":"https:\/\/candy-rose.com\/fr_fr\/wp-json\/wp\/v2\/media?parent=348"}],"curies":[{"name":"wp","href":"https:\/\/api.w.org\/{rel}","templated":true}]}}