{"id":343,"date":"2026-02-11T17:51:04","date_gmt":"2026-02-11T08:51:04","guid":{"rendered":"https:\/\/candy-rose.com\/?page_id=343"},"modified":"2026-02-17T17:20:41","modified_gmt":"2026-02-17T08:20:41","slug":"portraits","status":"publish","type":"page","link":"https:\/\/candy-rose.com\/fr_fr\/portraits\/","title":{"rendered":"Portraits"},"content":{"rendered":"<h2>Pr\u00e9sence humaine<\/h2>\nngg_shortcode_0_placeholder\n<p>Pr\u00e9sence humaine<br \/>\nCes portraits enregistrent l'\u00e9vidence subtile de la vie.<\/p>\n<p>L'expression se modifie presque imperceptiblement - dans la tension de la m\u00e2choire, dans l'immobilit\u00e9 d'un regard, dans le souffle retenu entre deux moments.<\/p>\n<p>La cam\u00e9ra ne dramatise pas.<br \/>\nIl participe.<\/p>\n<p>Ce qui est enregistr\u00e9 ici n'est pas une performance, mais une pr\u00e9sence - la confirmation silencieuse qu'une personne se trouve devant nous, \u00e0 ce moment pr\u00e9cis et non r\u00e9p\u00e9table.<\/p>\n<p>\u00c0 l'int\u00e9rieur du cadre, le temps ne s'arr\u00eate pas.<br \/>\nIl se condense.<\/p>\n<p>- Organis\u00e9 par Mariko<\/p>\n<p>S\u00e9ances priv\u00e9es \u00e0 Paris<br \/>\nPour toute demande de renseignements concernant les portraits ou les s\u00e9ances artistiques, veuillez consulter la page de contact de CandyRose.<\/p>\n<h5><a href=\"https:\/\/candy-rose.com\/fr_fr\/about\/\">\u2192 Page de contact de CandyRose<\/a><\/h5>","protected":false},"excerpt":{"rendered":"<p>Human Presence Human Presence These portraits register the subtle evidence of being alive. Expression shifts almost imperceptibly \u2014 in the tension of the jaw, in the stillness of a gaze, in the breath held between moments. The camera does not dramatize. It attends. What is recorded here is not performance, but presence \u2014 the quiet [&hellip;]<\/p>\n","protected":false},"author":1,"featured_media":0,"parent":0,"menu_order":0,"comment_status":"closed","ping_status":"closed","template":"","meta":{"ngg_post_thumbnail":0,"footnotes":""},"class_list":["post-343","page","type-page","status-publish","hentry"],"jetpack_sharing_enabled":true,"_links":{"self":[{"href":"https:\/\/candy-rose.com\/fr_fr\/wp-json\/wp\/v2\/pages\/343","targetHints":{"allow":["GET"]}}],"collection":[{"href":"https:\/\/candy-rose.com\/fr_fr\/wp-json\/wp\/v2\/pages"}],"about":[{"href":"https:\/\/candy-rose.com\/fr_fr\/wp-json\/wp\/v2\/types\/page"}],"author":[{"embeddable":true,"href":"https:\/\/candy-rose.com\/fr_fr\/wp-json\/wp\/v2\/users\/1"}],"replies":[{"embeddable":true,"href":"https:\/\/candy-rose.com\/fr_fr\/wp-json\/wp\/v2\/comments?post=343"}],"version-history":[{"count":6,"href":"https:\/\/candy-rose.com\/fr_fr\/wp-json\/wp\/v2\/pages\/343\/revisions"}],"predecessor-version":[{"id":789,"href":"https:\/\/candy-rose.com\/fr_fr\/wp-json\/wp\/v2\/pages\/343\/revisions\/789"}],"wp:attachment":[{"href":"https:\/\/candy-rose.com\/fr_fr\/wp-json\/wp\/v2\/media?parent=343"}],"curies":[{"name":"wp","href":"https:\/\/api.w.org\/{rel}","templated":true}]}}