{"id":341,"date":"2026-02-11T17:42:07","date_gmt":"2026-02-11T08:42:07","guid":{"rendered":"https:\/\/candy-rose.com\/?page_id=341"},"modified":"2026-02-17T17:20:30","modified_gmt":"2026-02-17T08:20:30","slug":"street","status":"publish","type":"page","link":"https:\/\/candy-rose.com\/fr_fr\/street\/","title":{"rendered":"Photo de la rue de Paris"},"content":{"rendered":"<h2>Pr\u00e9sence urbaine en transition<\/h2>\nngg_shortcode_0_placeholder\n<p>Pr\u00e9sence urbaine en transition<\/p>\n<p>Lorsqu'une ville est fa\u00e7onn\u00e9e par les personnes qui la traversent, des r\u00e9cits commencent \u00e0 appara\u00eetre.<\/p>\n<p>Son atmosph\u00e8re \u00e9volue tranquillement - non pas par le spectacle, mais par de petits gestes, des regards qui passent et des alignements transitoires de lumi\u00e8re et de mouvement.<\/p>\n<p>Ces images ne sont pas \u00e0 la recherche d'\u00e9v\u00e9nements dramatiques.<br \/>\nIls enregistrent la transformation subtile de la pr\u00e9sence urbaine - le moment o\u00f9 une rue devient une histoire.<\/p>\n<p>- Organis\u00e9 par Mariko<\/p>\n<p>S\u00e9ances priv\u00e9es \u00e0 Paris<br \/>\nPour toute demande de renseignements concernant les portraits ou les s\u00e9ances artistiques, veuillez consulter la page de contact de CandyRose.<\/p>\n<h5><a href=\"https:\/\/candy-rose.com\/fr_fr\/about\/\">\u2192 Page de contact de CandyRose<\/a><\/h5>","protected":false},"excerpt":{"rendered":"<p>Urban Presence in Transition Urban Presence in Transition When a city is shaped by the people who move through it, narratives begin to surface. Its atmosphere shifts quietly \u2014 not through spectacle, but through small gestures, passing glances, and transient alignments of light and movement. These images do not seek dramatic events. They register the [&hellip;]<\/p>\n","protected":false},"author":1,"featured_media":0,"parent":0,"menu_order":0,"comment_status":"closed","ping_status":"closed","template":"","meta":{"ngg_post_thumbnail":0,"footnotes":""},"class_list":["post-341","page","type-page","status-publish","hentry"],"jetpack_sharing_enabled":true,"_links":{"self":[{"href":"https:\/\/candy-rose.com\/fr_fr\/wp-json\/wp\/v2\/pages\/341","targetHints":{"allow":["GET"]}}],"collection":[{"href":"https:\/\/candy-rose.com\/fr_fr\/wp-json\/wp\/v2\/pages"}],"about":[{"href":"https:\/\/candy-rose.com\/fr_fr\/wp-json\/wp\/v2\/types\/page"}],"author":[{"embeddable":true,"href":"https:\/\/candy-rose.com\/fr_fr\/wp-json\/wp\/v2\/users\/1"}],"replies":[{"embeddable":true,"href":"https:\/\/candy-rose.com\/fr_fr\/wp-json\/wp\/v2\/comments?post=341"}],"version-history":[{"count":6,"href":"https:\/\/candy-rose.com\/fr_fr\/wp-json\/wp\/v2\/pages\/341\/revisions"}],"predecessor-version":[{"id":788,"href":"https:\/\/candy-rose.com\/fr_fr\/wp-json\/wp\/v2\/pages\/341\/revisions\/788"}],"wp:attachment":[{"href":"https:\/\/candy-rose.com\/fr_fr\/wp-json\/wp\/v2\/media?parent=341"}],"curies":[{"name":"wp","href":"https:\/\/api.w.org\/{rel}","templated":true}]}}