{"id":335,"date":"2026-02-11T17:39:52","date_gmt":"2026-02-11T08:39:52","guid":{"rendered":"https:\/\/candy-rose.com\/?page_id=335"},"modified":"2026-02-17T17:19:59","modified_gmt":"2026-02-17T08:19:59","slug":"fineart","status":"publish","type":"page","link":"https:\/\/candy-rose.com\/fr_fr\/fineart\/","title":{"rendered":"Beaux-arts"},"content":{"rendered":"<h2>Ombre et lumi\u00e8re<\/h2>\nngg_shortcode_0_placeholder\n<p>Ombre et lumi\u00e8re<\/p>\n<p>Dans le travail d'Erick, la lumi\u00e8re n'est jamais isol\u00e9e de l'ombre.<br \/>\nIls existent en tant que structure unique de perception.<\/p>\n<p>L'ombre n'est pas trait\u00e9e comme une absence, mais comme une substance.<br \/>\nIl ralentit la visibilit\u00e9 et modifie le rythme de la vision.<\/p>\n<p>L'obscurit\u00e9 de ces images est porteuse de densit\u00e9, et non de vide.<br \/>\nIl sugg\u00e8re que ce qui est partiellement cach\u00e9 peut avoir une plus grande pr\u00e9sence que ce qui est enti\u00e8rement expos\u00e9.<\/p>\n<p>Cette approche est en r\u00e9sonance avec l'esth\u00e9tique formul\u00e9e par Jun'ichir\u014d Tanizaki dans \u00c9loge des ombres, o\u00f9 la beaut\u00e9 \u00e9merge par la gradation plut\u00f4t que par la clart\u00e9, et o\u00f9 la profondeur se forme par la retenue.<\/p>\n<p>Dans ces photographies, l'ombre n'est pas le contraire de la lumi\u00e8re.<br \/>\nC'est l'\u00e9tat qui rend la lumi\u00e8re perceptible.<\/p>\n<p>- Organis\u00e9 par Mariko<\/p>\n<p>S\u00e9ances priv\u00e9es \u00e0 Paris<br \/>\nPour toute demande de renseignements concernant les portraits ou les s\u00e9ances artistiques, veuillez consulter la page de contact de CandyRose.<\/p>\n<h5><a href=\"https:\/\/candy-rose.com\/fr_fr\/about\/\">\u2192 Page de contact de CandyRose<\/a><\/h5>","protected":false},"excerpt":{"rendered":"<p>Light and Shadow Light and Shadow In Erick\u2019s work, light is never isolated from shadow. They exist as a single structure of perception. Shadow is not treated as absence, but as substance. It slows visibility and alters the rhythm of seeing. The darkness in these images carries density \u2014 not emptiness. It suggests that what [&hellip;]<\/p>\n","protected":false},"author":1,"featured_media":0,"parent":0,"menu_order":0,"comment_status":"closed","ping_status":"closed","template":"","meta":{"ngg_post_thumbnail":0,"footnotes":""},"class_list":["post-335","page","type-page","status-publish","hentry"],"jetpack_sharing_enabled":true,"_links":{"self":[{"href":"https:\/\/candy-rose.com\/fr_fr\/wp-json\/wp\/v2\/pages\/335","targetHints":{"allow":["GET"]}}],"collection":[{"href":"https:\/\/candy-rose.com\/fr_fr\/wp-json\/wp\/v2\/pages"}],"about":[{"href":"https:\/\/candy-rose.com\/fr_fr\/wp-json\/wp\/v2\/types\/page"}],"author":[{"embeddable":true,"href":"https:\/\/candy-rose.com\/fr_fr\/wp-json\/wp\/v2\/users\/1"}],"replies":[{"embeddable":true,"href":"https:\/\/candy-rose.com\/fr_fr\/wp-json\/wp\/v2\/comments?post=335"}],"version-history":[{"count":10,"href":"https:\/\/candy-rose.com\/fr_fr\/wp-json\/wp\/v2\/pages\/335\/revisions"}],"predecessor-version":[{"id":785,"href":"https:\/\/candy-rose.com\/fr_fr\/wp-json\/wp\/v2\/pages\/335\/revisions\/785"}],"wp:attachment":[{"href":"https:\/\/candy-rose.com\/fr_fr\/wp-json\/wp\/v2\/media?parent=335"}],"curies":[{"name":"wp","href":"https:\/\/api.w.org\/{rel}","templated":true}]}}