{"id":105,"date":"2026-01-08T13:44:33","date_gmt":"2026-01-08T04:44:33","guid":{"rendered":"http:\/\/candy-rose.com\/?page_id=105"},"modified":"2026-03-02T19:23:48","modified_gmt":"2026-03-02T10:23:48","slug":"shop","status":"publish","type":"page","link":"https:\/\/candy-rose.com\/fr_fr\/shop\/","title":{"rendered":"BOUTIQUE"},"content":{"rendered":"<p><center>Nous cr\u00e9ons des T-shirts et des sacs fourre-tout originaux mettant en sc\u00e8ne de magnifiques photographies.<\/center><br \/>\nngg_shortcode_0_placeholder<\/p>\n<p>S\u00e9ances priv\u00e9es \u00e0 Paris<br \/>\nPour toute demande de renseignements concernant les portraits ou les s\u00e9ances artistiques, veuillez consulter la page de contact de CandyRose.<\/p>\n<h5><a href=\"https:\/\/candy-rose.com\/fr_fr\/about\/\">\u2192 Page de contact de CandyRose<\/a><\/h5>","protected":false},"excerpt":{"rendered":"<p>We create original T-shirts and tote bags featuring beautiful photography. Private Sessions in Paris For inquiries regarding portrait or artistic sessions, please visit the CandyRose Contact Page. \u2192 CandyRose Contact Page<\/p>","protected":false},"author":1,"featured_media":0,"parent":0,"menu_order":0,"comment_status":"closed","ping_status":"closed","template":"","meta":{"ngg_post_thumbnail":0,"footnotes":""},"class_list":["post-105","page","type-page","status-publish","hentry"],"jetpack_sharing_enabled":true,"_links":{"self":[{"href":"https:\/\/candy-rose.com\/fr_fr\/wp-json\/wp\/v2\/pages\/105","targetHints":{"allow":["GET"]}}],"collection":[{"href":"https:\/\/candy-rose.com\/fr_fr\/wp-json\/wp\/v2\/pages"}],"about":[{"href":"https:\/\/candy-rose.com\/fr_fr\/wp-json\/wp\/v2\/types\/page"}],"author":[{"embeddable":true,"href":"https:\/\/candy-rose.com\/fr_fr\/wp-json\/wp\/v2\/users\/1"}],"replies":[{"embeddable":true,"href":"https:\/\/candy-rose.com\/fr_fr\/wp-json\/wp\/v2\/comments?post=105"}],"version-history":[{"count":9,"href":"https:\/\/candy-rose.com\/fr_fr\/wp-json\/wp\/v2\/pages\/105\/revisions"}],"predecessor-version":[{"id":798,"href":"https:\/\/candy-rose.com\/fr_fr\/wp-json\/wp\/v2\/pages\/105\/revisions\/798"}],"wp:attachment":[{"href":"https:\/\/candy-rose.com\/fr_fr\/wp-json\/wp\/v2\/media?parent=105"}],"curies":[{"name":"wp","href":"https:\/\/api.w.org\/{rel}","templated":true}]}}